{"id":23,"date":"2023-06-10T12:06:14","date_gmt":"2023-06-10T10:06:14","guid":{"rendered":"https:\/\/zenyogadojo.com\/?page_id=23"},"modified":"2025-08-29T17:15:48","modified_gmt":"2025-08-29T15:15:48","slug":"zenyoga","status":"publish","type":"page","link":"https:\/\/zenyogadojo.com\/en\/","title":{"rendered":"zenyoga"},"content":{"rendered":"<p>[et_pb_section fb_built=&#8221;1&#8243; fullwidth=&#8221;on&#8221; _builder_version=&#8221;4.21.0&#8243; _module_preset=&#8221;default&#8221; global_colors_info=&#8221;{}&#8221;][et_pb_fullwidth_image src=&#8221;https:\/\/zenyogadojo.com\/wp-content\/uploads\/2023\/06\/Zenyoga-Dojo-vjezbanje-2.png&#8221; alt=&#8221;Zenyoga Dojo vjezbanje&#8221; title_text=&#8221;Zenyoga Dojo vjezbanje u zagrebu&#8221; _builder_version=&#8221;4.21.0&#8243; _module_preset=&#8221;default&#8221; global_colors_info=&#8221;{}&#8221;][\/et_pb_fullwidth_image][\/et_pb_section][et_pb_section fb_built=&#8221;1&#8243; _builder_version=&#8221;4.24.2&#8243; _module_preset=&#8221;default&#8221; background_color=&#8221;#ebe8e0&#8243; custom_padding=&#8221;41px|||||&#8221; global_colors_info=&#8221;{}&#8221;][et_pb_row _builder_version=&#8221;4.21.0&#8243; _module_preset=&#8221;default&#8221; custom_padding=&#8221;23px||0px|||&#8221; global_colors_info=&#8221;{}&#8221;][et_pb_column type=&#8221;4_4&#8243; _builder_version=&#8221;4.21.0&#8243; _module_preset=&#8221;default&#8221; global_colors_info=&#8221;{}&#8221;][et_pb_text _builder_version=&#8221;4.21.0&#8243; _module_preset=&#8221;default&#8221; text_font=&#8221;Roboto Slab|100|||||||&#8221; text_text_color=&#8221;#CC2127&#8243; text_font_size=&#8221;39px&#8221; header_font=&#8221;Roboto Slab|300|||||||&#8221; header_font_size=&#8221;59px&#8221; custom_margin=&#8221;||24px|||&#8221; text_font_tablet=&#8221;Roboto Slab|100|||||||&#8221; text_font_phone=&#8221;Roboto Slab|100|||||||&#8221; text_font_last_edited=&#8221;on|phone&#8221; header_font_size_tablet=&#8221;59px&#8221; header_font_size_phone=&#8221;50px&#8221; header_font_size_last_edited=&#8221;on|phone&#8221; global_colors_info=&#8221;{}&#8221;]<H1>Zenyoga dojo<\/H1>[\/et_pb_text][et_pb_text _builder_version=&#8221;4.24.2&#8243; _module_preset=&#8221;default&#8221; text_font=&#8221;Quicksand||||||||&#8221; text_font_size=&#8221;20px&#8221; text_font_size_tablet=&#8221;20px&#8221; text_font_size_phone=&#8221;20px&#8221; text_font_size_last_edited=&#8221;on|phone&#8221; global_colors_info=&#8221;{}&#8221;]<\/p>\n<p style=\"font-weight: 400;\">Zenyoga je poseban oblik yoge uskla\u0111en s praksom chana, zbog \u010dega je nazivamo meditacijom u kretanju. Najstarija je \u0161kola yoge u Hrvatskoj, vje\u017eba se i podu\u010dava preko \u010detrdeset godina! U zenyogi nastojimo uravnote\u017eiti i dovesti u red tri aspekta na\u0161eg bi\u0107a &#8211; tijelo, dah i um. Zenyoga prije svega djeluje na tijelo u kojem razvijamo izdr\u017eljivost, gipkost, opu\u0161tenost, snagu, ravnote\u017eu i pospje\u0161ujemo protok vitalne energije tijelom. Zatim djeluje na dah jer usvajanjem pravilnog disanja i uskla\u0111ivanjem daha s pokretom dolazimo u priliku mijenjati njegovu kvalitetu \u010dime izravno utje\u010demo na stanje i tijela i uma, dovode\u0107i se u neposredno iskustvo sada\u0161njeg trenutka. Prikladna je za svaku dob jer je kretanje prilago\u0111eno sposobnostima svakog tijela. Dojo je naziv za mjesto na kojem se vje\u017eba, mjesto na kojem u\u010dimo put.<\/p>\n<p>[\/et_pb_text][et_pb_button button_url=&#8221;https:\/\/zenyogadojo.com\/o-zenyogi\/&#8221; button_text=&#8221;saznajte vi\u0161e&#8221; _builder_version=&#8221;4.21.0&#8243; _module_preset=&#8221;default&#8221; custom_button=&#8221;on&#8221; button_text_size=&#8221;15px&#8221; button_text_color=&#8221;#FFFFFF&#8221; button_bg_color=&#8221;#53423B&#8221; button_border_color=&#8221;RGBA(255,255,255,0)&#8221; button_border_radius=&#8221;13px&#8221; button_font=&#8221;Quicksand||||||||&#8221; custom_padding=&#8221;5px||6px||false|false&#8221; global_colors_info=&#8221;{}&#8221;][\/et_pb_button][et_pb_icon font_icon=&#8221;&#xf232;||fa||400&#8243; icon_color=&#8221;#74a574&#8243; icon_width=&#8221;64px&#8221; url=&#8221;https:\/\/wa.me\/385989073542&#8243; url_new_window=&#8221;on&#8221; _builder_version=&#8221;4.23.1&#8243; _module_preset=&#8221;default&#8221; transform_scale=&#8221;136%|136%&#8221; positioning=&#8221;fixed&#8221; position_origin_f=&#8221;top_right&#8221; vertical_offset=&#8221;317px&#8221; horizontal_offset=&#8221;35px&#8221; z_index=&#8221;0&#8243; vertical_offset_tablet=&#8221;469px&#8221; vertical_offset_phone=&#8221;328px&#8221; vertical_offset_last_edited=&#8221;on|phone&#8221; animation_style=&#8221;bounce&#8221; global_colors_info=&#8221;{}&#8221;][\/et_pb_icon][\/et_pb_column][\/et_pb_row][\/et_pb_section][et_pb_section fb_built=&#8221;1&#8243; _builder_version=&#8221;4.24.2&#8243; _module_preset=&#8221;default&#8221; min_height=&#8221;1214px&#8221; custom_margin=&#8221;-71px||-66px|||&#8221; custom_padding=&#8221;14px|||||&#8221; global_colors_info=&#8221;{}&#8221;][et_pb_row column_structure=&#8221;1_2,1_2&#8243; _builder_version=&#8221;4.21.0&#8243; _module_preset=&#8221;default&#8221; min_height=&#8221;914px&#8221; custom_padding=&#8221;||0px|||&#8221; global_colors_info=&#8221;{}&#8221;][et_pb_column type=&#8221;1_2&#8243; _builder_version=&#8221;4.21.0&#8243; _module_preset=&#8221;default&#8221; global_colors_info=&#8221;{}&#8221;][et_pb_blurb title=&#8221;Nova grupa za po\u010detnike&#8221; image=&#8221;https:\/\/zenyogadojo.com\/wp-content\/uploads\/2023\/06\/zenyoga-besplatna-radionica.png&#8221; alt=&#8221;zenyoga besplatna radionica&#8221; image_icon_width=&#8221;200%&#8221; content_max_width=&#8221;936px&#8221; _builder_version=&#8221;4.27.4&#8243; _module_preset=&#8221;default&#8221; header_level=&#8221;h2&#8243; header_font=&#8221;Roboto Slab|300|||||||&#8221; header_text_align=&#8221;left&#8221; header_font_size=&#8221;32px&#8221; body_font=&#8221;Quicksand||||||||&#8221; body_text_align=&#8221;left&#8221; body_font_size=&#8221;20px&#8221; background_color=&#8221;RGBA(255,255,255,0)&#8221; image_icon_custom_padding=&#8221;|||3px|false|false&#8221; height=&#8221;584px&#8221; height_tablet=&#8221;584px&#8221; height_phone=&#8221;402px&#8221; height_last_edited=&#8221;on|desktop&#8221; custom_margin=&#8221;||31px||false|false&#8221; custom_padding=&#8221;14px|13px|27px|10px|false|false&#8221; header_font_size_tablet=&#8221;32px&#8221; header_font_size_phone=&#8221;32px&#8221; header_font_size_last_edited=&#8221;on|phone&#8221; body_font_size_tablet=&#8221;20px&#8221; body_font_size_phone=&#8221;20px&#8221; body_font_size_last_edited=&#8221;on|tablet&#8221; inline_fonts=&#8221;Quicksand&#8221; global_colors_info=&#8221;{}&#8221;]<\/p>\n<p style=\"font-weight: 400;\"><span>2. listopada otvaramo novu grupu za po\u010detnike koja \u0107e vje\u017ebati jednom tjednom, svaki \u010detvrtak od 17.30 &#8211; 18.45. Prijave su otvorene!<\/span><\/p>\n<p>[\/et_pb_blurb][et_pb_button button_url=&#8221;https:\/\/zenyogadojo.com\/radionice\/&#8221; button_text=&#8221;prijavite se&#8221; button_alignment=&#8221;left&#8221; _builder_version=&#8221;4.24.2&#8243; _module_preset=&#8221;default&#8221; custom_button=&#8221;on&#8221; button_text_size=&#8221;15px&#8221; button_text_color=&#8221;#FFFFFF&#8221; button_bg_color=&#8221;#53423B&#8221; button_border_color=&#8221;RGBA(255,255,255,0)&#8221; button_border_radius=&#8221;13px&#8221; button_font=&#8221;Quicksand||||||||&#8221; custom_margin=&#8221;||-3px|||&#8221; custom_padding=&#8221;6px||6px||false|false&#8221; global_colors_info=&#8221;{}&#8221;][\/et_pb_button][\/et_pb_column][et_pb_column type=&#8221;1_2&#8243; _builder_version=&#8221;4.21.0&#8243; _module_preset=&#8221;default&#8221; global_colors_info=&#8221;{}&#8221;][et_pb_blurb title=&#8221;Nova sezona vje\u017ebanja 2025.\u20442026.&#8221; image=&#8221;https:\/\/zenyogadojo.com\/wp-content\/uploads\/2023\/06\/zenyoga-vjezbanje-nova-sezona.jpg&#8221; alt=&#8221;zenyoga vjezbanje nova sezona&#8221; content_max_width=&#8221;847px&#8221; _builder_version=&#8221;4.27.4&#8243; _module_preset=&#8221;default&#8221; header_level=&#8221;h2&#8243; header_font=&#8221;Roboto Slab|300|||||||&#8221; header_font_size=&#8221;32px&#8221; body_font=&#8221;Quicksand||||||||&#8221; body_text_align=&#8221;left&#8221; body_font_size=&#8221;20px&#8221; background_color=&#8221;#ebe8e0&#8243; image_icon_custom_margin=&#8221;26px||||false|false&#8221; width=&#8221;100%&#8221; height=&#8221;670px&#8221; max_height=&#8221;1000px&#8221; custom_margin=&#8221;||30px|0px|false|false&#8221; custom_padding=&#8221;2px|23px||23px|false|false&#8221; custom_padding_tablet=&#8221;2px|23px||23px|false|false&#8221; custom_padding_phone=&#8221;2px|23px||23px|false|false&#8221; custom_padding_last_edited=&#8221;on|phone&#8221; body_font_size_tablet=&#8221;20px&#8221; body_font_size_phone=&#8221;20px&#8221; body_font_size_last_edited=&#8221;on|phone&#8221; global_colors_info=&#8221;{}&#8221;]<\/p>\n<p style=\"font-weight: 400;\">Izmicanjem dugog toplog ljeta dani se polako skra\u0107uju, a prvo suho li\u0161\u0107e nagovje\u0161\u0107uje jo\u0161 jednu mjenu. Opra\u0161tamo se od plavetnila i zlatnih zalazaka sunca, no nostalgija za odmaklim ljetom nekako se preta\u010de u radost koju donosi ponovni susret, odnosno nova sezona vje\u017ebanja drage nam vje\u0161tine!<\/p>\n<p style=\"font-weight: 400;\">[\/et_pb_blurb][et_pb_button button_url=&#8221;https:\/\/zenyogadojo.com\/vjezbanje\/&#8221; button_text=&#8221;gdje i kako vje\u017ebati&#8221; button_alignment=&#8221;left&#8221; _builder_version=&#8221;4.21.0&#8243; _module_preset=&#8221;default&#8221; custom_button=&#8221;on&#8221; button_text_size=&#8221;15px&#8221; button_text_color=&#8221;#FFFFFF&#8221; button_bg_color=&#8221;#53423B&#8221; button_border_width=&#8221;0px&#8221; button_border_radius=&#8221;11px&#8221; button_font=&#8221;Quicksand||||||||&#8221; custom_margin=&#8221;0px||0px||false|false&#8221; custom_padding=&#8221;7px||8px||false|false&#8221; global_colors_info=&#8221;{}&#8221;][\/et_pb_button][\/et_pb_column][\/et_pb_row][\/et_pb_section]<\/p>\n","protected":false},"excerpt":{"rendered":"<p>Zenyoga dojoZenyoga je poseban oblik yoge uskla\u0111en s praksom chana, zbog \u010dega je nazivamo meditacijom u kretanju. Najstarija je \u0161kola yoge u Hrvatskoj, vje\u017eba se i podu\u010dava preko \u010detrdeset godina! U zenyogi nastojimo uravnote\u017eiti i dovesti u red tri aspekta na\u0161eg bi\u0107a &#8211; tijelo, dah i um. Zenyoga prije svega djeluje na tijelo u kojem [&hellip;]<\/p>\n","protected":false},"author":1,"featured_media":0,"parent":0,"menu_order":0,"comment_status":"closed","ping_status":"closed","template":"","meta":{"_et_pb_use_builder":"on","_et_pb_old_content":"","_et_gb_content_width":"","footnotes":""},"class_list":["post-23","page","type-page","status-publish","hentry"],"_links":{"self":[{"href":"https:\/\/zenyogadojo.com\/en\/wp-json\/wp\/v2\/pages\/23","targetHints":{"allow":["GET"]}}],"collection":[{"href":"https:\/\/zenyogadojo.com\/en\/wp-json\/wp\/v2\/pages"}],"about":[{"href":"https:\/\/zenyogadojo.com\/en\/wp-json\/wp\/v2\/types\/page"}],"author":[{"embeddable":true,"href":"https:\/\/zenyogadojo.com\/en\/wp-json\/wp\/v2\/users\/1"}],"replies":[{"embeddable":true,"href":"https:\/\/zenyogadojo.com\/en\/wp-json\/wp\/v2\/comments?post=23"}],"version-history":[{"count":114,"href":"https:\/\/zenyogadojo.com\/en\/wp-json\/wp\/v2\/pages\/23\/revisions"}],"predecessor-version":[{"id":723,"href":"https:\/\/zenyogadojo.com\/en\/wp-json\/wp\/v2\/pages\/23\/revisions\/723"}],"wp:attachment":[{"href":"https:\/\/zenyogadojo.com\/en\/wp-json\/wp\/v2\/media?parent=23"}],"curies":[{"name":"wp","href":"https:\/\/api.w.org\/{rel}","templated":true}]}}