{"id":194,"date":"2023-06-14T16:31:37","date_gmt":"2023-06-14T14:31:37","guid":{"rendered":"https:\/\/zenyogadojo.com\/?page_id=194"},"modified":"2025-08-29T16:59:24","modified_gmt":"2025-08-29T14:59:24","slug":"radionice","status":"publish","type":"page","link":"https:\/\/zenyogadojo.com\/en\/radionice\/","title":{"rendered":"workshops"},"content":{"rendered":"<p>[et_pb_section fb_built=&#8221;1&#8243; _builder_version=&#8221;4.21.0&#8243; _module_preset=&#8221;default&#8221; custom_padding=&#8221;||7px|||&#8221; global_colors_info=&#8221;{}&#8221;][et_pb_row column_structure=&#8221;1_2,1_2&#8243; _builder_version=&#8221;4.21.0&#8243; _module_preset=&#8221;default&#8221; hover_enabled=&#8221;0&#8243; global_colors_info=&#8221;{}&#8221; sticky_enabled=&#8221;0&#8243;][et_pb_column type=&#8221;1_2&#8243; _builder_version=&#8221;4.21.0&#8243; _module_preset=&#8221;default&#8221; global_colors_info=&#8221;{}&#8221;][et_pb_image src=&#8221;https:\/\/zenyogadojo.com\/wp-content\/uploads\/2023\/06\/zenyoga-radionice-2.jpg&#8221; alt=&#8221;zenyoga radionice&#8221; title_text=&#8221;zenyoga radionice&#8221; _builder_version=&#8221;4.27.4&#8243; _module_preset=&#8221;default&#8221; custom_margin=&#8221;||-14px|||&#8221; hover_enabled=&#8221;0&#8243; global_colors_info=&#8221;{}&#8221; border_radii=&#8221;on|30px|30px|30px|30px&#8221; sticky_enabled=&#8221;0&#8243;][\/et_pb_image][\/et_pb_column][et_pb_column type=&#8221;1_2&#8243; _builder_version=&#8221;4.21.0&#8243; _module_preset=&#8221;default&#8221; global_colors_info=&#8221;{}&#8221;][et_pb_text _builder_version=&#8221;4.27.4&#8243; _module_preset=&#8221;default&#8221; text_font=&#8221;Roboto Slab|300|||||||&#8221; text_text_color=&#8221;#CC2127&#8243; text_font_size=&#8221;26px&#8221; header_font=&#8221;|300|||||||&#8221; header_font_size=&#8221;36px&#8221; header_3_font=&#8221;Roboto Slab||||||||&#8221; custom_margin=&#8221;||86px|||&#8221; custom_padding=&#8221;||8px|||&#8221; hover_enabled=&#8221;0&#8243; global_colors_info=&#8221;{}&#8221; custom_margin_last_edited=&#8221;on|phone&#8221; sticky_enabled=&#8221;0&#8243; custom_margin_phone=&#8221;||12px||false|false&#8221; custom_margin_tablet=&#8221;||86px|||&#8221;]<\/p>\n<h1>Radionice<\/h1>\n<p>[\/et_pb_text][et_pb_text _builder_version=&#8221;4.27.2&#8243; _module_preset=&#8221;default&#8221; text_font=&#8221;Quicksand||||||||&#8221; text_font_size=&#8221;20px&#8221; custom_margin=&#8221;||137px|||&#8221; custom_margin_tablet=&#8221;||54px|||&#8221; custom_margin_phone=&#8221;||54px|||&#8221; custom_margin_last_edited=&#8221;on|desktop&#8221; custom_padding=&#8221;0px||||false|false&#8221; hover_enabled=&#8221;0&#8243; text_font_size_tablet=&#8221;20px&#8221; text_font_size_phone=&#8221;20px&#8221; text_font_size_last_edited=&#8221;on|phone&#8221; global_colors_info=&#8221;{}&#8221; sticky_enabled=&#8221;0&#8243;]<\/p>\n<p style=\"font-weight: 400;\">Osim redovnih satova zenyoge povremeno se u dojo-u odr\u017eavaju jednodnevne radionice osmi\u0161ljene za one koji su \u017eeljni produbljivanja vlastite prakse ili potpunim po\u010detnicima koji se jo\u0161 nisu susreli s praksom yoge. Sjajna je to prilika za izmaknuti se iz svakodnevne rutine, osvje\u017eiti i opustiti u dobrom dru\u0161tvu te nau\u010diti ne\u0161to novo \u010dime mo\u017eemo oplemeniti i unaprijediti kvalitetu svog \u017eivota.<\/p>\n<p style=\"font-weight: 400;\">Program jednodnevnog dru\u017eenja obi\u010dno uklju\u010duje predavanje o temi koja se obra\u0111uje, blokove vje\u017ebanja, masa\u017eu i meditaciju u sjedenju.<\/p>\n<p>[\/et_pb_text][et_pb_divider _builder_version=&#8221;4.27.2&#8243; _module_preset=&#8221;default&#8221; custom_margin=&#8221;3px||||false|false&#8221; custom_margin_tablet=&#8221;3px||||false|false&#8221; custom_margin_phone=&#8221;3px||||false|false&#8221; custom_margin_last_edited=&#8221;on|phone&#8221; custom_padding=&#8221;0px||||false|false&#8221; global_colors_info=&#8221;{}&#8221;][\/et_pb_divider][et_pb_icon font_icon=&#8221;&#xf232;||fa||400&#8243; icon_color=&#8221;#81c423&#8243; icon_width=&#8221;64px&#8221; url=&#8221;https:\/\/wa.me\/385989073542&#8243; url_new_window=&#8221;on&#8221; _builder_version=&#8221;4.21.0&#8243; _module_preset=&#8221;default&#8221; positioning=&#8221;fixed&#8221; position_origin_f=&#8221;top_right&#8221; vertical_offset=&#8221;140px&#8221; horizontal_offset=&#8221;32px&#8221; z_index=&#8221;0&#8243; animation_style=&#8221;zoom&#8221; global_colors_info=&#8221;{}&#8221;][\/et_pb_icon][\/et_pb_column][\/et_pb_row][\/et_pb_section]<\/p>\n","protected":false},"excerpt":{"rendered":"<p>RadioniceOsim redovnih satova zenyoge povremeno se u dojo-u odr\u017eavaju jednodnevne radionice osmi\u0161ljene za one koji su \u017eeljni produbljivanja vlastite prakse ili potpunim po\u010detnicima koji se jo\u0161 nisu susreli s praksom yoge. Sjajna je to prilika za izmaknuti se iz svakodnevne rutine, osvje\u017eiti i opustiti u dobrom dru\u0161tvu te nau\u010diti ne\u0161to novo \u010dime mo\u017eemo oplemeniti i [&hellip;]<\/p>\n","protected":false},"author":1,"featured_media":0,"parent":0,"menu_order":0,"comment_status":"closed","ping_status":"closed","template":"","meta":{"_et_pb_use_builder":"on","_et_pb_old_content":"","_et_gb_content_width":"","footnotes":""},"class_list":["post-194","page","type-page","status-publish","hentry"],"_links":{"self":[{"href":"https:\/\/zenyogadojo.com\/en\/wp-json\/wp\/v2\/pages\/194","targetHints":{"allow":["GET"]}}],"collection":[{"href":"https:\/\/zenyogadojo.com\/en\/wp-json\/wp\/v2\/pages"}],"about":[{"href":"https:\/\/zenyogadojo.com\/en\/wp-json\/wp\/v2\/types\/page"}],"author":[{"embeddable":true,"href":"https:\/\/zenyogadojo.com\/en\/wp-json\/wp\/v2\/users\/1"}],"replies":[{"embeddable":true,"href":"https:\/\/zenyogadojo.com\/en\/wp-json\/wp\/v2\/comments?post=194"}],"version-history":[{"count":31,"href":"https:\/\/zenyogadojo.com\/en\/wp-json\/wp\/v2\/pages\/194\/revisions"}],"predecessor-version":[{"id":720,"href":"https:\/\/zenyogadojo.com\/en\/wp-json\/wp\/v2\/pages\/194\/revisions\/720"}],"wp:attachment":[{"href":"https:\/\/zenyogadojo.com\/en\/wp-json\/wp\/v2\/media?parent=194"}],"curies":[{"name":"wp","href":"https:\/\/api.w.org\/{rel}","templated":true}]}}