{"id":145,"date":"2023-06-14T12:21:35","date_gmt":"2023-06-14T10:21:35","guid":{"rendered":"https:\/\/zenyogadojo.com\/?page_id=145"},"modified":"2023-12-16T12:39:17","modified_gmt":"2023-12-16T11:39:17","slug":"o-zenyogi","status":"publish","type":"page","link":"https:\/\/zenyogadojo.com\/en\/o-zenyogi\/","title":{"rendered":"about zenyoga"},"content":{"rendered":"<p>[et_pb_section fb_built=&#8221;1&#8243; fullwidth=&#8221;on&#8221; _builder_version=&#8221;4.21.0&#8243; _module_preset=&#8221;default&#8221; global_colors_info=&#8221;{}&#8221;][et_pb_fullwidth_image src=&#8221;https:\/\/zenyogadojo.com\/wp-content\/uploads\/2023\/06\/zenyoga-dojo-sutra-srca-1-scaled.jpg&#8221; alt=&#8221;zenyoga sutra srca&#8221; title_text=&#8221;zenyoga sutra srca&#8221; _builder_version=&#8221;4.23.1&#8243; _module_preset=&#8221;default&#8221; global_colors_info=&#8221;{}&#8221;][\/et_pb_fullwidth_image][\/et_pb_section][et_pb_section fb_built=&#8221;1&#8243; _builder_version=&#8221;4.21.0&#8243; _module_preset=&#8221;default&#8221; background_color=&#8221;#ebe8e0&#8243; custom_padding=&#8221;27px|||||&#8221; global_colors_info=&#8221;{}&#8221;][et_pb_row _builder_version=&#8221;4.21.0&#8243; _module_preset=&#8221;default&#8221; custom_padding=&#8221;17px||0px|||&#8221; global_colors_info=&#8221;{}&#8221;][et_pb_column type=&#8221;4_4&#8243; _builder_version=&#8221;4.21.0&#8243; _module_preset=&#8221;default&#8221; global_colors_info=&#8221;{}&#8221;][et_pb_text _builder_version=&#8221;4.21.0&#8243; _module_preset=&#8221;default&#8221; text_font=&#8221;Roboto Slab|300|||||||&#8221; text_text_color=&#8221;#CC2127&#8243; text_font_size=&#8221;50px&#8221; text_line_height=&#8221;1.4em&#8221; header_font=&#8221;Roboto Slab|300|||||||&#8221; header_font_size=&#8221;58px&#8221; min_height=&#8221;56.8px&#8221; custom_margin=&#8221;||27px|||&#8221; custom_padding=&#8221;3px||3px||false|false&#8221; header_font_size_last_edited=&#8221;off|desktop&#8221; global_colors_info=&#8221;{}&#8221;]<H1>O zenyogi<\/H1>[\/et_pb_text][et_pb_text _builder_version=&#8221;4.23.1&#8243; _module_preset=&#8221;default&#8221; text_font=&#8221;Quicksand||||||||&#8221; text_font_size=&#8221;20px&#8221; custom_margin=&#8221;||45px|||&#8221; hover_enabled=&#8221;0&#8243; text_font_size_tablet=&#8221;20px&#8221; text_font_size_phone=&#8221;20px&#8221; text_font_size_last_edited=&#8221;on|phone&#8221; global_colors_info=&#8221;{}&#8221; sticky_enabled=&#8221;0&#8243;]<\/p>\n<p style=\"font-weight: 400;\">Rije\u010d zen prijevod je kineskog izraza chan, a chan je prijevod sanskrtskoga izraza <i>dhyana<\/i>, naziva za duboku meditacijsku zadubljenost. U samom sredi\u0161tu zenyoge je duhovni trening koji se ostvaruje uz pomo\u0107 njegovanja pomnosti. Sama praksa odvija se u osobitome modelu cjelovitosti koji je izrastao iz razumijevanja da su nam kao ljudskim bi\u0107ima na raspolaganju tri sredstva djelovanja. Prvo sredstvo je tijelo i ono uklju\u010duje sve svakodnevne kretnje, fizi\u010dke radnje i vje\u0161tine koje smo usvojili. Drugo sredstvo je govor i dah koji ga pokre\u0107e. Dah ovdje predstavlja istan\u010danu vezu izme\u0111u tijela i uma. Tre\u0107e sredstvo je um, koji obuhva\u0107a sve na\u0161e mi\u0161ljenje i osje\u0107aje. U tijelu, govoru i umu sadr\u017ean je po\u010detak i kraj svake mogu\u0107nosti da se kao ljudska bi\u0107a izrazimo, a praksa zenyoge obra\u0107a se svima trima podjednako. Vje\u017ebaju\u0107i i njeguju\u0107i \u010disto\u0107u pa\u017enje i prisutnosti, na satu zenyoge nastojimo dovesti tijelo, dah i um u red.<\/p>\n<p>[\/et_pb_text][et_pb_icon font_icon=&#8221;&#xf232;||fa||400&#8243; icon_color=&#8221;#74a574&#8243; icon_width=&#8221;52px&#8221; url=&#8221;https:\/\/wa.me\/385989073542&#8243; url_new_window=&#8221;on&#8221; _builder_version=&#8221;4.21.0&#8243; _module_preset=&#8221;default&#8221; transform_scale=&#8221;136%|136%&#8221; positioning=&#8221;fixed&#8221; position_origin_f=&#8221;top_right&#8221; vertical_offset=&#8221;196px&#8221; horizontal_offset=&#8221;55px&#8221; z_index=&#8221;0&#8243; animation_style=&#8221;bounce&#8221; global_colors_info=&#8221;{}&#8221;][\/et_pb_icon][\/et_pb_column][\/et_pb_row][\/et_pb_section][et_pb_section fb_built=&#8221;1&#8243; _builder_version=&#8221;4.21.0&#8243; _module_preset=&#8221;default&#8221; min_height=&#8221;1214px&#8221; custom_margin=&#8221;-71px||-66px|||&#8221; custom_padding=&#8221;14px||137px|||&#8221; global_colors_info=&#8221;{}&#8221;][et_pb_row column_structure=&#8221;1_3,1_3,1_3&#8243; _builder_version=&#8221;4.21.0&#8243; _module_preset=&#8221;default&#8221; min_height=&#8221;914px&#8221; custom_padding=&#8221;||0px|||&#8221; global_colors_info=&#8221;{}&#8221;][et_pb_column type=&#8221;1_3&#8243; _builder_version=&#8221;4.21.0&#8243; _module_preset=&#8221;default&#8221; global_colors_info=&#8221;{}&#8221;][et_pb_blurb title=&#8221;Dovo\u0111enje tijela u red  &#8221; image=&#8221;https:\/\/zenyogadojo.com\/wp-content\/uploads\/2023\/06\/zenyoga-vjezbanje-tijelo.png&#8221; alt=&#8221;zenyoga vjezbanje tijelo&#8221; _builder_version=&#8221;4.23.1&#8243; _module_preset=&#8221;default&#8221; header_level=&#8221;h2&#8243; header_font=&#8221;Roboto Slab|300|||||||&#8221; header_font_size=&#8221;32px&#8221; body_font=&#8221;Quicksand||||||||&#8221; body_font_size=&#8221;20px&#8221; custom_margin=&#8221;||30px|||&#8221; hover_enabled=&#8221;0&#8243; header_font_size_tablet=&#8221;32px&#8221; header_font_size_phone=&#8221;32px&#8221; header_font_size_last_edited=&#8221;on|phone&#8221; body_font_size_tablet=&#8221;20px&#8221; body_font_size_phone=&#8221;20px&#8221; body_font_size_last_edited=&#8221;on|phone&#8221; global_colors_info=&#8221;{}&#8221; sticky_enabled=&#8221;0&#8243;]<\/p>\n<p style=\"font-weight: 400;\">Dovo\u0111enje tijela u red putem zenyoge vrlo je dinamic\u030can proces u kojem razvijamo izdr\u017eljivost. gipkost, opu\u0161tenost, snagu, ravnote\u017eu i pospje\u0161ujemo protok vitalne energije tijelom. Sustav zenyoge oslanja se na dva izvori\u0161ta &#8211; indijsku hathayogu i na kineske terapeutske polo\u017eaje i vje\u017ebe. Nizovi nam dolaze iz indijske ili kineske tradicije. Svaki je unaprijed odre\u0111eni skup polo\u017eaja ili vje\u017ebi koji se izvodi u odre\u0111enom ritmu kretanja i disanja. Taj ritam mo\u017ee biti dinami\u010dan ili spor, ovisno o tome \u017eelimo li naglasiti opu\u0161tenost, snagu ili ravnote\u017eu. Nizovi i zasebni polo\u017eaji se vje\u017ebaju po na\u010delu postupnosti, od jednostavnijih i lak\u0161ih k slo\u017eenijima i zahtjevnijima. U zenyogi se koristi jedan osobiti simboli\u010dki model, a to je znanje o \u010detiri elementa od kojih je sazdana sva tvarnost koja nas okru\u017euje &#8211; to su zemlja, voda, vatra i zrak. I na\u0161e tijelo je sastavljeno od ta \u010detiri elementa. Uskla\u0111ivanje tijela polazi od razumijevanja da zbog niza razli\u010ditih uvjeta &#8211; nepovoljnih vanjskih utjecaja, emocionalno &#8211; psiholo\u0161kih stanja, navika kretanja i naslje\u0111a, odnos elemenata u tijelu nije uravnote\u017een. Skladno tijelo je istovremeno izdr\u017eljivo (zemlja), gibko (voda), sna\u017eno (vatra) i okretno (zrak). Zenyoga zato u svoj trening donosi na\u010dela koja podjednako razvijaju sve ove kvalitete nastoje\u0107i ukloniti klonulost, krutost, slabost i nepokretljivost, te umanjiti utjecaj negativnih okolnosti.<\/p>\n<p style=\"font-weight: 400;\">Opu\u0161tanje je vrlo va\u017ean vid prakse iz razloga stalne pobu\u0111enosti i nemira na\u0161eg svakodnevnog uma koji se utiskuje u tijelu u obliku napetosti koja za posljedicu ima nelagodu ili bol. Provodi se na dva na\u010dina, kroz aktivnost i u mirovanju. Vje\u017ebanje opu\u0161tenosti vodi osje\u0107aju ugode, a taj ugodan osje\u0107aj tijela izaziva unutarnji osje\u0107aj radosti. Tada kretanje postaje meditacija u kretanju koja dovodi do stopljenosti tijela, daha i uma. Ako smo doista prisutni <b>\u2018<\/b>sada i ovdje<b>\u2018<\/b>, nakon dobrog sata yoge imat \u0107emo sna\u017ean osje\u0107aj emocionalne rastere\u0107enosti koja je posljedica uprisutnjenoga uma. Radost je posljedica u\u017eivanja u samom vje\u017ebanju i ona se ogleda u tome da svakom polo\u017eaju i stavu prilazimo kao po prvi puta, umom po\u010detnika. Ona je i prirodna posljedica opu\u0161tenosti i svjesnosti, koje nam omogu\u0107avaju izlaz iz mentalne zatvorenosti. Vje\u017ebanje yoge koje je pro\u017eeto rado\u0161\u0107u nije eufori\u010dno, ve\u0107 se o\u010dituje tihom razdragano\u0161\u0107u nad \u010dudom vje\u017ebanja, tijela i uma, ovdje i sada.<\/p>\n<p>[\/et_pb_blurb][\/et_pb_column][et_pb_column type=&#8221;1_3&#8243; _builder_version=&#8221;4.21.0&#8243; _module_preset=&#8221;default&#8221; global_colors_info=&#8221;{}&#8221;][et_pb_blurb title=&#8221;Dovo\u0111enje daha u red&#8221; image=&#8221;https:\/\/zenyogadojo.com\/wp-content\/uploads\/2023\/06\/zenyoga-vjezbanje-dah.png&#8221; alt=&#8221;zenyoga vjezbanje dah&#8221; _builder_version=&#8221;4.23.1&#8243; _module_preset=&#8221;default&#8221; header_level=&#8221;h2&#8243; header_font=&#8221;Roboto Slab|300|||||||&#8221; header_text_align=&#8221;left&#8221; header_font_size=&#8221;32px&#8221; body_font=&#8221;Quicksand||||||||&#8221; body_text_align=&#8221;left&#8221; body_font_size=&#8221;20px&#8221; background_color=&#8221;#ebe8e0&#8243; custom_margin=&#8221;||31px||false|false&#8221; custom_padding=&#8221;14px|13px|27px|12px|false|false&#8221; hover_enabled=&#8221;0&#8243; header_font_size_tablet=&#8221;32px&#8221; header_font_size_phone=&#8221;32px&#8221; header_font_size_last_edited=&#8221;on|phone&#8221; inline_fonts=&#8221;Quicksand&#8221; global_colors_info=&#8221;{}&#8221; sticky_enabled=&#8221;0&#8243;]<\/p>\n<p style=\"font-weight: 400;\">Dah je najfiniji dio tvarnosti i izvor energije koji nas odr\u017eava na \u017eivotu. On je posrednik izme\u0111u tijela i uma pa se svi tjelesni i mentalni procesi manifestiraju na na\u0161em dahu. Disanje je, dakle, to\u010dka susreta tijela i uma i pokazatelj na\u0161eg tjelesnog i mentalnog stanja. Plitko, povr\u0161no, brzo i grubo disanje mo\u017ee biti posljedica iskrivljenoga dr\u017eanja, bolesti ili neuvje\u017ebanosti, ali mo\u017ee odra\u017eavati i nemiran, raspr\u0161en um obuzet negativnim emocijama. Budu\u0107i da je dostupan upravljanju, dovo\u0111enjem daha u red blagotvorno djelujemo na stanje vlastitog tijela i na emocionalna stanja u kojima se nalazimo. Kada smo sretni, dah je dubok i opu\u0161ten. Produbljivanjem daha preplavljujemo svoje tijelo kisikom, u\u010dinkovito uklanjamo toksine i nepo\u017eeljne posljedice stresa, podi\u017eemo razinu hormona sre\u0107e, oja\u010davamo srce, krvne \u017eile i plu\u0107a. Dovesti dah u red u kontekstu zenyoge zna\u010di osvijestiti i produbiti disanje, disati \u2018trbuhom\u2019 i uskladiti dah s kretanjem. Tako upravljaju\u0107i vlastitim dahom dolazimo u priliku otkriti za\u0161to je dah tako mo\u0107no sredstvo i najbolji saveznik na putu k mirno\u0107i i \u017eivotnom skladu.<\/p>\n<p>[\/et_pb_blurb][\/et_pb_column][et_pb_column type=&#8221;1_3&#8243; _builder_version=&#8221;4.21.0&#8243; _module_preset=&#8221;default&#8221; global_colors_info=&#8221;{}&#8221;][et_pb_blurb title=&#8221;Dovo\u0111enje uma u red&#8221; image=&#8221;https:\/\/zenyogadojo.com\/wp-content\/uploads\/2023\/06\/zenyoga-vjezbanje-meditacija.png&#8221; alt=&#8221;zenyoga vjezbanje meditacija&#8221; content_max_width=&#8221;530px&#8221; _builder_version=&#8221;4.23.1&#8243; _module_preset=&#8221;default&#8221; header_level=&#8221;h2&#8243; header_font=&#8221;Roboto Slab|300|||||||&#8221; header_text_align=&#8221;left&#8221; header_font_size=&#8221;32px&#8221; body_font=&#8221;Quicksand||||||||&#8221; body_font_size=&#8221;20px&#8221; min_height=&#8221;443px&#8221; height=&#8221;920px&#8221; max_height=&#8221;843px&#8221; max_height_tablet=&#8221;843px&#8221; max_height_phone=&#8221;843px&#8221; max_height_last_edited=&#8221;on|desktop&#8221; custom_margin=&#8221;||2px|||&#8221; custom_padding=&#8221;||0px|||&#8221; hover_enabled=&#8221;0&#8243; body_font_size_tablet=&#8221;20px&#8221; body_font_size_phone=&#8221;20px&#8221; body_font_size_last_edited=&#8221;on|phone&#8221; global_colors_info=&#8221;{}&#8221; sticky_enabled=&#8221;0&#8243;]<\/p>\n<p style=\"font-weight: 400;\">Kao i opu\u0161tenost, um mo\u017eemo vje\u017ebati u mirovanju i u kretanju. Vje\u017ebanje uma u mirovanju je\u00a0meditacija u sjedenju \u2013 tso chan ili zazen. Obi\u010dno se smatra jednostavnijom, jer je um lak\u0161e umiriti kada tijelo miruje i kada pa\u017enju usmjeravamo samo na jednu stvar \u2013 objekt meditacije. Te\u017ee je vje\u017ebati um u kretanju, pogotovo kada se radi o slo\u017eenim i zahtjevnim vje\u017ebama. No to nije nemogu\u0107e. Ako znamo postupak i metodu, i voljni smo primijeniti ih, to je sasvim novo iskustvo koje \u010deka da ga otkrijete.\u00a0 Takvom praksom meditacije u kretanju mogu\u0107e je ostvariti ideal zenyoge, a to je potpuno stapanje tijela, daha i uma. Kada su ova tri dijela \u201cnas\u201d spojena u nerazdru\u017eivu cjelinu, to je duboko meditacijsko iskustvo samadhija. To iskustvo u velikoj mjeri mijenja na\u010din na koji do\u017eivljavamo sebe i svijet.<\/p>\n<p style=\"font-weight: 400;\">Vi\u0161e o chan meditaciji pro\u010ditajte na <a href=\"https:\/\/chan.hr\/chan-budizam\/meditacija\/\"><strong>chan.hr<\/strong><\/a><\/p>\n<p>[\/et_pb_blurb][\/et_pb_column][\/et_pb_row][\/et_pb_section]<\/p>\n","protected":false},"excerpt":{"rendered":"<p>O zenyogiRije\u010d zen prijevod je kineskog izraza chan, a chan je prijevod sanskrtskoga izraza dhyana, naziva za duboku meditacijsku zadubljenost. U samom sredi\u0161tu zenyoge je duhovni trening koji se ostvaruje uz pomo\u0107 njegovanja pomnosti. Sama praksa odvija se u osobitome modelu cjelovitosti koji je izrastao iz razumijevanja da su nam kao ljudskim bi\u0107ima na raspolaganju [&hellip;]<\/p>\n","protected":false},"author":1,"featured_media":0,"parent":0,"menu_order":0,"comment_status":"closed","ping_status":"closed","template":"","meta":{"_et_pb_use_builder":"on","_et_pb_old_content":"","_et_gb_content_width":"","footnotes":""},"class_list":["post-145","page","type-page","status-publish","hentry"],"_links":{"self":[{"href":"https:\/\/zenyogadojo.com\/en\/wp-json\/wp\/v2\/pages\/145","targetHints":{"allow":["GET"]}}],"collection":[{"href":"https:\/\/zenyogadojo.com\/en\/wp-json\/wp\/v2\/pages"}],"about":[{"href":"https:\/\/zenyogadojo.com\/en\/wp-json\/wp\/v2\/types\/page"}],"author":[{"embeddable":true,"href":"https:\/\/zenyogadojo.com\/en\/wp-json\/wp\/v2\/users\/1"}],"replies":[{"embeddable":true,"href":"https:\/\/zenyogadojo.com\/en\/wp-json\/wp\/v2\/comments?post=145"}],"version-history":[{"count":28,"href":"https:\/\/zenyogadojo.com\/en\/wp-json\/wp\/v2\/pages\/145\/revisions"}],"predecessor-version":[{"id":608,"href":"https:\/\/zenyogadojo.com\/en\/wp-json\/wp\/v2\/pages\/145\/revisions\/608"}],"wp:attachment":[{"href":"https:\/\/zenyogadojo.com\/en\/wp-json\/wp\/v2\/media?parent=145"}],"curies":[{"name":"wp","href":"https:\/\/api.w.org\/{rel}","templated":true}]}}