{"id":20,"date":"2023-06-10T12:06:14","date_gmt":"2023-06-10T10:06:14","guid":{"rendered":"https:\/\/zenyogadojo.com\/?page_id=20"},"modified":"2026-02-24T09:17:02","modified_gmt":"2026-02-24T08:17:02","slug":"vjezbanje","status":"publish","type":"page","link":"http:\/\/zenyogadojo.com\/en\/vjezbanje\/","title":{"rendered":"vjezbanje"},"content":{"rendered":"<p>[et_pb_section fb_built=&#8221;1&#8243; _builder_version=&#8221;4.21.0&#8243; _module_preset=&#8221;default&#8221; custom_padding=&#8221;11px||0px|||&#8221; global_colors_info=&#8221;{}&#8221;][et_pb_row _builder_version=&#8221;4.27.2&#8243; _module_preset=&#8221;default&#8221; custom_padding=&#8221;||17px|||&#8221; global_colors_info=&#8221;{}&#8221;][et_pb_column type=&#8221;4_4&#8243; _builder_version=&#8221;4.27.2&#8243; _module_preset=&#8221;default&#8221; global_colors_info=&#8221;{}&#8221;][et_pb_text _builder_version=&#8221;4.27.2&#8243; _module_preset=&#8221;default&#8221; header_font=&#8221;Roboto Slab|300|||||||&#8221; header_font_size=&#8221;35px&#8221; global_colors_info=&#8221;{}&#8221;]<\/p>\n<h1>Gdje i kako vje\u017ebati<\/h1>\n<p>[\/et_pb_text][\/et_pb_column][\/et_pb_row][\/et_pb_section][et_pb_section fb_built=&#8221;1&#8243; _builder_version=&#8221;4.21.0&#8243; _module_preset=&#8221;default&#8221; custom_padding=&#8221;3px||82px|||&#8221; global_colors_info=&#8221;{}&#8221;][et_pb_row column_structure=&#8221;1_3,1_3,1_3&#8243; _builder_version=&#8221;4.27.2&#8243; _module_preset=&#8221;default&#8221; global_colors_info=&#8221;{}&#8221;][et_pb_column type=&#8221;1_3&#8243; _builder_version=&#8221;4.27.2&#8243; _module_preset=&#8221;default&#8221; global_colors_info=&#8221;{}&#8221;][et_pb_image src=&#8221;https:\/\/zenyogadojo.com\/wp-content\/uploads\/2023\/06\/zenyoga-vjezbanje-1.jpg&#8221; alt=&#8221;zenyoga vjezbanje&#8221; title_text=&#8221;zenyoga vjezbanje&#8221; _builder_version=&#8221;4.27.2&#8243; _module_preset=&#8221;default&#8221; custom_margin=&#8221;||-3px|||&#8221; custom_padding=&#8221;||28px||false|false&#8221; global_colors_info=&#8221;{}&#8221;][\/et_pb_image][\/et_pb_column][et_pb_column type=&#8221;1_3&#8243; _builder_version=&#8221;4.21.0&#8243; _module_preset=&#8221;default&#8221; global_colors_info=&#8221;{}&#8221;][et_pb_text _builder_version=&#8221;4.27.4&#8243; _module_preset=&#8221;default&#8221; text_font=&#8221;Quicksand|300|||||||&#8221; text_font_size=&#8221;20px&#8221; background_color=&#8221;RGBA(255,255,255,0)&#8221; custom_margin=&#8221;0px||6px||false|false&#8221; custom_padding=&#8221;0px|0px|30px|0px|false|false&#8221; global_colors_info=&#8221;{}&#8221;]<\/p>\n<p><span>Vje\u017ebamo u dvije grupe u Zagrebu, u Ilici 43 (dvori\u0161na zgrada). Napredna grupa vje\u017eba ponedjeljkom i \u010detvrtkom od 19.00 &#8211; 20.30, a po\u010detnici \u010detvrtkom od 17.30 &#8211; 18.45 sati.<\/span><\/p>\n<p>[\/et_pb_text][et_pb_divider _builder_version=&#8221;4.21.0&#8243; _module_preset=&#8221;default&#8221; min_height=&#8221;15.8px&#8221; custom_margin=&#8221;15px||13px|||&#8221; global_colors_info=&#8221;{}&#8221;][\/et_pb_divider][et_pb_text _builder_version=&#8221;4.27.4&#8243; _module_preset=&#8221;default&#8221; text_font=&#8221;Quicksand|300|||||||&#8221; text_font_size=&#8221;20px&#8221; background_color=&#8221;RGBA(255,255,255,0)&#8221; custom_margin=&#8221;10px||6px||false|false&#8221; custom_padding=&#8221;0px|0px|30px|0px|false|false&#8221; hover_enabled=&#8221;0&#8243; global_colors_info=&#8221;{}&#8221; sticky_enabled=&#8221;0&#8243;]<\/p>\n<div>\n<div>Preporu\u010dena donacija\/\u010dlanarina za naprednu grupu iznosi 60 eura, a za po\u010detnu 40 eura.<\/div>\n<p>Navedeni iznosi upla\u0107uju se na po\u010detku mjeseca, te vrijede za mjesec dana vje\u017ebanja.<\/p>\n<\/div>\n<div><\/div>\n<p>[\/et_pb_text][et_pb_divider _builder_version=&#8221;4.21.0&#8243; _module_preset=&#8221;default&#8221; custom_margin=&#8221;23px||-12px|||&#8221; global_colors_info=&#8221;{}&#8221;][\/et_pb_divider][\/et_pb_column][et_pb_column type=&#8221;1_3&#8243; _builder_version=&#8221;4.21.0&#8243; _module_preset=&#8221;default&#8221; global_colors_info=&#8221;{}&#8221;][et_pb_text _builder_version=&#8221;4.27.4&#8243; _module_preset=&#8221;default&#8221; text_font=&#8221;Quicksand|300|||||||&#8221; text_font_size=&#8221;20px&#8221; module_alignment=&#8221;left&#8221; custom_margin=&#8221;0px||35px||false|false&#8221; text_font_size_tablet=&#8221;20px&#8221; text_font_size_phone=&#8221;20px&#8221; text_font_size_last_edited=&#8221;on|phone&#8221; global_colors_info=&#8221;{}&#8221;]<\/p>\n<p>Zenyogu vje\u017ebamo bosi, u udobnoj odje\u0107i od prirodnih materijala. Va\u017ean element vje\u017ebanja je ti\u0161ina. Vanjskim ozra\u010djem nastojimo potaknuti okretanje pa\u017enje prema unutra i stvoriti preduvjete za unutarnji mir i opu\u0161tenost.<\/p>\n<p>[\/et_pb_text][et_pb_divider _builder_version=&#8221;4.21.0&#8243; _module_preset=&#8221;default&#8221; global_colors_info=&#8221;{}&#8221;][\/et_pb_divider][et_pb_icon font_icon=&#8221;&#xf232;||fa||400&#8243; icon_color=&#8221;#81c423&#8243; icon_width=&#8221;64px&#8221; url=&#8221;https:\/\/wa.me\/385989073542&#8243; url_new_window=&#8221;on&#8221; _builder_version=&#8221;4.21.0&#8243; _module_preset=&#8221;default&#8221; positioning=&#8221;fixed&#8221; position_origin_f=&#8221;top_right&#8221; vertical_offset=&#8221;136px&#8221; horizontal_offset=&#8221;27px&#8221; z_index=&#8221;0&#8243; animation_style=&#8221;zoom&#8221; global_colors_info=&#8221;{}&#8221;][\/et_pb_icon][\/et_pb_column][\/et_pb_row][\/et_pb_section]<\/p>\n","protected":false},"excerpt":{"rendered":"<p>Gdje i kako vje\u017ebatiVje\u017ebamo u dvije grupe u Zagrebu, u Ilici 43 (dvori\u0161na zgrada). Napredna grupa vje\u017eba ponedjeljkom i \u010detvrtkom od 19.00 &#8211; 20.30, a po\u010detnici \u010detvrtkom od 17.30 &#8211; 18.45 sati. Preporu\u010dena donacija\/\u010dlanarina za naprednu grupu iznosi 60 eura, a za po\u010detnu 40 eura. Navedeni iznosi upla\u0107uju se na po\u010detku mjeseca, te vrijede za [&hellip;]<\/p>\n","protected":false},"author":1,"featured_media":0,"parent":0,"menu_order":0,"comment_status":"closed","ping_status":"closed","template":"","meta":{"_et_pb_use_builder":"on","_et_pb_old_content":"","_et_gb_content_width":"","footnotes":""},"class_list":["post-20","page","type-page","status-publish","hentry"],"_links":{"self":[{"href":"http:\/\/zenyogadojo.com\/en\/wp-json\/wp\/v2\/pages\/20","targetHints":{"allow":["GET"]}}],"collection":[{"href":"http:\/\/zenyogadojo.com\/en\/wp-json\/wp\/v2\/pages"}],"about":[{"href":"http:\/\/zenyogadojo.com\/en\/wp-json\/wp\/v2\/types\/page"}],"author":[{"embeddable":true,"href":"http:\/\/zenyogadojo.com\/en\/wp-json\/wp\/v2\/users\/1"}],"replies":[{"embeddable":true,"href":"http:\/\/zenyogadojo.com\/en\/wp-json\/wp\/v2\/comments?post=20"}],"version-history":[{"count":42,"href":"http:\/\/zenyogadojo.com\/en\/wp-json\/wp\/v2\/pages\/20\/revisions"}],"predecessor-version":[{"id":727,"href":"http:\/\/zenyogadojo.com\/en\/wp-json\/wp\/v2\/pages\/20\/revisions\/727"}],"wp:attachment":[{"href":"http:\/\/zenyogadojo.com\/en\/wp-json\/wp\/v2\/media?parent=20"}],"curies":[{"name":"wp","href":"https:\/\/api.w.org\/{rel}","templated":true}]}}