{"id":19,"date":"2023-06-10T12:06:14","date_gmt":"2023-06-10T10:06:14","guid":{"rendered":"https:\/\/zenyogadojo.com\/?page_id=19"},"modified":"2025-08-28T12:06:50","modified_gmt":"2025-08-28T10:06:50","slug":"o-meni","status":"publish","type":"page","link":"http:\/\/zenyogadojo.com\/en\/o-meni\/","title":{"rendered":"o meni"},"content":{"rendered":"<p>[et_pb_section fb_built=&#8221;1&#8243; _builder_version=&#8221;4.21.0&#8243; _module_preset=&#8221;default&#8221; custom_padding=&#8221;||26px|||&#8221; global_colors_info=&#8221;{}&#8221;][et_pb_row column_structure=&#8221;1_2,1_2&#8243; _builder_version=&#8221;4.21.0&#8243; _module_preset=&#8221;default&#8221; custom_margin=&#8221;|auto|-8px|auto||&#8221; custom_padding=&#8221;||16px|||&#8221; global_colors_info=&#8221;{}&#8221;][et_pb_column type=&#8221;1_2&#8243; _builder_version=&#8221;4.27.2&#8243; _module_preset=&#8221;default&#8221; global_colors_info=&#8221;{}&#8221;][et_pb_image src=&#8221;https:\/\/zenyogadojo.com\/wp-content\/uploads\/2024\/03\/koraljka-milanja-zenyoga-1-jpg.webp&#8221; alt=&#8221;koraljka milanja zenyoga dojo&#8221; title_text=&#8221;koraljka milanja zenyoga&#8221; _builder_version=&#8221;4.27.2&#8243; _module_preset=&#8221;default&#8221; custom_margin=&#8221;-16px||1px||false|false&#8221; border_radii=&#8221;on|30px|30px|30px|30px&#8221; global_colors_info=&#8221;{}&#8221;][\/et_pb_image][\/et_pb_column][et_pb_column type=&#8221;1_2&#8243; _builder_version=&#8221;4.21.0&#8243; _module_preset=&#8221;default&#8221; global_colors_info=&#8221;{}&#8221;][et_pb_text _builder_version=&#8221;4.27.2&#8243; _module_preset=&#8221;default&#8221; text_font=&#8221;Roboto Slab|300|||||||&#8221; text_text_color=&#8221;#CC2127&#8243; text_font_size=&#8221;35px&#8221; header_font=&#8221;Roboto Slab|300|||||||&#8221; header_font_size=&#8221;36px&#8221; custom_margin=&#8221;||28px|||&#8221; text_font_size_tablet=&#8221;35px&#8221; text_font_size_phone=&#8221;35px&#8221; text_font_size_last_edited=&#8221;on|phone&#8221; global_colors_info=&#8221;{}&#8221;]<\/p>\n<h1>Koraljka Milanja<\/h1>\n<p>[\/et_pb_text][et_pb_text _builder_version=&#8221;4.27.2&#8243; _module_preset=&#8221;default&#8221; text_font=&#8221;Quicksand|300|||||||&#8221; text_font_size=&#8221;18px&#8221; width=&#8221;87.4%&#8221; module_alignment=&#8221;left&#8221; min_height=&#8221;286px&#8221; custom_margin=&#8221;||-13px|||&#8221; custom_padding=&#8221;||40px|||&#8221; text_font_size_tablet=&#8221;18px&#8221; text_font_size_phone=&#8221;18px&#8221; text_font_size_last_edited=&#8221;on|phone&#8221; global_colors_info=&#8221;{}&#8221;]<\/p>\n<p>Koraljka Milanja certificirana je u\u010diteljica zenyoge koju je uz meditaciju u\u010dila od Karmen Mihalinec i \u017darka Andri\u010devi\u0107a pri dvogodi\u0161njoj \u0161koli registriranoj u Yoga Allianceu na razini od 500 sati. Zenyogom bavi se devetnaest godina, a podu\u010dava \u010detrnaest. Jedna je od osniva\u010dica i u\u010diteljica Zenyoga centra u Zagrebu (2014.-2019.), gdje je vodila grupe razli\u010dite zahtjevnosti, a trenutno vodi redovne satove u Zagrebu, Ilica 43. Povremeno organizira jednodnevne radionice, te je redovita sudionica vi\u0161ednevnih meditacijskih povla\u010denja. Osim \u0161kole zenyoge, zavr\u0161ila je i \u0161kolu aromaterapije u sklopu koje je izu\u010dila klasi\u010dnu i aromamasa\u017eu. Zavr\u0161ila je i te\u010daj tajlandske masa\u017ee. Vode\u0107i se mislima Shonryu Suzukija: &#8216;U po\u010detnikovu umu mno\u0161tvo je mogu\u0107nosti, dok ih je u umu izvje\u0161tenih i vrsnih poznavatelja tek nekolicina&#8217;, Koraljka na svojim satovima nastoji zadr\u017eati otvorenost i radoznalost unose\u0107i u svaki trening svje\u017einu, poku\u0161avaju\u0107i motivirati polaznike da otkriju i istra\u017ee istinski potencijal yoge te njene dobrobiti prenesu u svoju svakodnevicu.<\/p>\n<p>[\/et_pb_text][\/et_pb_column][\/et_pb_row][et_pb_row _builder_version=&#8221;4.27.2&#8243; _module_preset=&#8221;default&#8221; custom_margin=&#8221;14px|auto||auto||&#8221; custom_padding=&#8221;||21px|||&#8221; global_colors_info=&#8221;{}&#8221;][et_pb_column type=&#8221;4_4&#8243; _builder_version=&#8221;4.27.2&#8243; _module_preset=&#8221;default&#8221; global_colors_info=&#8221;{}&#8221;][et_pb_divider _builder_version=&#8221;4.27.2&#8243; _module_preset=&#8221;default&#8221; min_height=&#8221;17px&#8221; global_colors_info=&#8221;{}&#8221;][\/et_pb_divider][\/et_pb_column][\/et_pb_row][\/et_pb_section]<\/p>\n","protected":false},"excerpt":{"rendered":"<p>Koraljka MilanjaKoraljka Milanja certificirana je u\u010diteljica zenyoge koju je uz meditaciju u\u010dila od Karmen Mihalinec i \u017darka Andri\u010devi\u0107a pri dvogodi\u0161njoj \u0161koli registriranoj u Yoga Allianceu na razini od 500 sati. Zenyogom bavi se devetnaest godina, a podu\u010dava \u010detrnaest. Jedna je od osniva\u010dica i u\u010diteljica Zenyoga centra u Zagrebu (2014.-2019.), gdje je vodila grupe razli\u010dite zahtjevnosti, [&hellip;]<\/p>\n","protected":false},"author":1,"featured_media":0,"parent":0,"menu_order":0,"comment_status":"closed","ping_status":"closed","template":"","meta":{"_et_pb_use_builder":"on","_et_pb_old_content":"","_et_gb_content_width":"","footnotes":""},"class_list":["post-19","page","type-page","status-publish","hentry"],"_links":{"self":[{"href":"http:\/\/zenyogadojo.com\/en\/wp-json\/wp\/v2\/pages\/19","targetHints":{"allow":["GET"]}}],"collection":[{"href":"http:\/\/zenyogadojo.com\/en\/wp-json\/wp\/v2\/pages"}],"about":[{"href":"http:\/\/zenyogadojo.com\/en\/wp-json\/wp\/v2\/types\/page"}],"author":[{"embeddable":true,"href":"http:\/\/zenyogadojo.com\/en\/wp-json\/wp\/v2\/users\/1"}],"replies":[{"embeddable":true,"href":"http:\/\/zenyogadojo.com\/en\/wp-json\/wp\/v2\/comments?post=19"}],"version-history":[{"count":23,"href":"http:\/\/zenyogadojo.com\/en\/wp-json\/wp\/v2\/pages\/19\/revisions"}],"predecessor-version":[{"id":705,"href":"http:\/\/zenyogadojo.com\/en\/wp-json\/wp\/v2\/pages\/19\/revisions\/705"}],"wp:attachment":[{"href":"http:\/\/zenyogadojo.com\/en\/wp-json\/wp\/v2\/media?parent=19"}],"curies":[{"name":"wp","href":"https:\/\/api.w.org\/{rel}","templated":true}]}}